{"id":2,"date":"2023-10-24T17:44:30","date_gmt":"2023-10-24T15:44:30","guid":{"rendered":"https:\/\/kinescence.com\/phisio\/?page_id=2"},"modified":"2023-11-17T00:50:09","modified_gmt":"2023-11-16T23:50:09","slug":"page-d-exemple","status":"publish","type":"page","link":"https:\/\/phisio.fr\/?page_id=2","title":{"rendered":"Contact"},"content":{"rendered":"\n<blockquote class=\"wp-block-quote is-layout-flow wp-block-quote-is-layout-flow\">\n<p>David Patros, <br>Kin\u00e9sith\u00e9rapeute<br>Sp\u00e9cialiste des pathologies du cycliste<br>Certifi\u00e9 PRAP INRS<br>Formateur enregistr\u00e9 \u00e0 la DREETS<br>Finaliste olympique \u00e0 Sydney (Athl\u00e9tisme)<\/p>\n<\/blockquote>\n\n\n\n<blockquote class=\"wp-block-quote is-layout-flow wp-block-quote-is-layout-flow\">\n<p>davidpatros@free.fr<br>47 rue Armand Carrel<br>93100 MONTREUIL<br>0 1 4 2 8 7 11 40<\/p>\n<\/blockquote>\n","protected":false},"excerpt":{"rendered":"<p>David Patros, Kin\u00e9sith\u00e9rapeuteSp\u00e9cialiste des pathologies du cyclisteCertifi\u00e9 PRAP INRSFormateur enregistr\u00e9 \u00e0 la DREETSFinaliste olympique \u00e0 Sydney (Athl\u00e9tisme) davidpatros@free.fr47 rue Armand Carrel93100 MONTREUIL0 1 4 2 8 7 11 40<\/p>\n","protected":false},"author":1,"featured_media":63,"parent":0,"menu_order":0,"comment_status":"closed","ping_status":"open","template":"","meta":{"footnotes":""},"class_list":["post-2","page","type-page","status-publish","has-post-thumbnail","hentry"],"yoast_head":"<!-- This site is optimized with the Yoast SEO plugin v27.4 - https:\/\/yoast.com\/product\/yoast-seo-wordpress\/ -->\n<title>Contact - \u03c6sio\u00ae<\/title>\n<meta name=\"robots\" content=\"index, follow, max-snippet:-1, max-image-preview:large, max-video-preview:-1\" \/>\n<link rel=\"canonical\" href=\"https:\/\/phisio.fr\/?page_id=2\" \/>\n<meta property=\"og:locale\" content=\"fr_FR\" \/>\n<meta property=\"og:type\" content=\"article\" \/>\n<meta property=\"og:title\" content=\"Contact - \u03c6sio\u00ae\" \/>\n<meta property=\"og:description\" content=\"David Patros, Kin\u00e9sith\u00e9rapeuteSp\u00e9cialiste des pathologies du cyclisteCertifi\u00e9 PRAP INRSFormateur enregistr\u00e9 \u00e0 la DREETSFinaliste olympique \u00e0 Sydney (Athl\u00e9tisme) davidpatros@free.fr47 rue Armand Carrel93100 MONTREUIL0 1 4 2 8 7 11 40\" \/>\n<meta property=\"og:url\" content=\"https:\/\/phisio.fr\/?page_id=2\" \/>\n<meta property=\"og:site_name\" content=\"\u03c6sio\u00ae\" \/>\n<meta property=\"article:modified_time\" content=\"2023-11-16T23:50:09+00:00\" \/>\n<meta property=\"og:image\" content=\"https:\/\/phisio.fr\/wp-content\/uploads\/2023\/11\/tof_david.jpg\" \/>\n\t<meta property=\"og:image:width\" content=\"711\" \/>\n\t<meta property=\"og:image:height\" content=\"304\" \/>\n\t<meta property=\"og:image:type\" content=\"image\/jpeg\" \/>\n<meta name=\"twitter:card\" content=\"summary_large_image\" \/>\n<script type=\"application\/ld+json\" class=\"yoast-schema-graph\">{\"@context\":\"https:\\\/\\\/schema.org\",\"@graph\":[{\"@type\":\"WebPage\",\"@id\":\"https:\\\/\\\/phisio.fr\\\/?page_id=2\",\"url\":\"https:\\\/\\\/phisio.fr\\\/?page_id=2\",\"name\":\"Contact - \u03c6sio\u00ae\",\"isPartOf\":{\"@id\":\"https:\\\/\\\/phisio.fr\\\/#website\"},\"primaryImageOfPage\":{\"@id\":\"https:\\\/\\\/phisio.fr\\\/?page_id=2#primaryimage\"},\"image\":{\"@id\":\"https:\\\/\\\/phisio.fr\\\/?page_id=2#primaryimage\"},\"thumbnailUrl\":\"https:\\\/\\\/phisio.fr\\\/wp-content\\\/uploads\\\/2023\\\/11\\\/tof_david.jpg\",\"datePublished\":\"2023-10-24T15:44:30+00:00\",\"dateModified\":\"2023-11-16T23:50:09+00:00\",\"breadcrumb\":{\"@id\":\"https:\\\/\\\/phisio.fr\\\/?page_id=2#breadcrumb\"},\"inLanguage\":\"fr-FR\",\"potentialAction\":[{\"@type\":\"ReadAction\",\"target\":[\"https:\\\/\\\/phisio.fr\\\/?page_id=2\"]}]},{\"@type\":\"ImageObject\",\"inLanguage\":\"fr-FR\",\"@id\":\"https:\\\/\\\/phisio.fr\\\/?page_id=2#primaryimage\",\"url\":\"https:\\\/\\\/phisio.fr\\\/wp-content\\\/uploads\\\/2023\\\/11\\\/tof_david.jpg\",\"contentUrl\":\"https:\\\/\\\/phisio.fr\\\/wp-content\\\/uploads\\\/2023\\\/11\\\/tof_david.jpg\",\"width\":711,\"height\":304},{\"@type\":\"BreadcrumbList\",\"@id\":\"https:\\\/\\\/phisio.fr\\\/?page_id=2#breadcrumb\",\"itemListElement\":[{\"@type\":\"ListItem\",\"position\":1,\"name\":\"Accueil\",\"item\":\"https:\\\/\\\/phisio.fr\\\/\"},{\"@type\":\"ListItem\",\"position\":2,\"name\":\"Contact\"}]},{\"@type\":\"WebSite\",\"@id\":\"https:\\\/\\\/phisio.fr\\\/#website\",\"url\":\"https:\\\/\\\/phisio.fr\\\/\",\"name\":\"\u03c6sio\u00ae\",\"description\":\"Pr\u00e9vention Confort R\u00e9adaptation Performance\",\"publisher\":{\"@id\":\"https:\\\/\\\/phisio.fr\\\/#organization\"},\"potentialAction\":[{\"@type\":\"SearchAction\",\"target\":{\"@type\":\"EntryPoint\",\"urlTemplate\":\"https:\\\/\\\/phisio.fr\\\/?s={search_term_string}\"},\"query-input\":{\"@type\":\"PropertyValueSpecification\",\"valueRequired\":true,\"valueName\":\"search_term_string\"}}],\"inLanguage\":\"fr-FR\"},{\"@type\":\"Organization\",\"@id\":\"https:\\\/\\\/phisio.fr\\\/#organization\",\"name\":\"\u03c6sio\u00ae\",\"url\":\"https:\\\/\\\/phisio.fr\\\/\",\"logo\":{\"@type\":\"ImageObject\",\"inLanguage\":\"fr-FR\",\"@id\":\"https:\\\/\\\/phisio.fr\\\/#\\\/schema\\\/logo\\\/image\\\/\",\"url\":\"https:\\\/\\\/phisio.fr\\\/wp-content\\\/uploads\\\/2023\\\/11\\\/Fichier-1@4x-2.png\",\"contentUrl\":\"https:\\\/\\\/phisio.fr\\\/wp-content\\\/uploads\\\/2023\\\/11\\\/Fichier-1@4x-2.png\",\"width\":1844,\"height\":2644,\"caption\":\"\u03c6sio\u00ae\"},\"image\":{\"@id\":\"https:\\\/\\\/phisio.fr\\\/#\\\/schema\\\/logo\\\/image\\\/\"}}]}<\/script>\n<!-- \/ Yoast SEO plugin. -->","yoast_head_json":{"title":"Contact - \u03c6sio\u00ae","robots":{"index":"index","follow":"follow","max-snippet":"max-snippet:-1","max-image-preview":"max-image-preview:large","max-video-preview":"max-video-preview:-1"},"canonical":"https:\/\/phisio.fr\/?page_id=2","og_locale":"fr_FR","og_type":"article","og_title":"Contact - \u03c6sio\u00ae","og_description":"David Patros, Kin\u00e9sith\u00e9rapeuteSp\u00e9cialiste des pathologies du cyclisteCertifi\u00e9 PRAP INRSFormateur enregistr\u00e9 \u00e0 la DREETSFinaliste olympique \u00e0 Sydney (Athl\u00e9tisme) davidpatros@free.fr47 rue Armand Carrel93100 MONTREUIL0 1 4 2 8 7 11 40","og_url":"https:\/\/phisio.fr\/?page_id=2","og_site_name":"\u03c6sio\u00ae","article_modified_time":"2023-11-16T23:50:09+00:00","og_image":[{"width":711,"height":304,"url":"https:\/\/phisio.fr\/wp-content\/uploads\/2023\/11\/tof_david.jpg","type":"image\/jpeg"}],"twitter_card":"summary_large_image","schema":{"@context":"https:\/\/schema.org","@graph":[{"@type":"WebPage","@id":"https:\/\/phisio.fr\/?page_id=2","url":"https:\/\/phisio.fr\/?page_id=2","name":"Contact - \u03c6sio\u00ae","isPartOf":{"@id":"https:\/\/phisio.fr\/#website"},"primaryImageOfPage":{"@id":"https:\/\/phisio.fr\/?page_id=2#primaryimage"},"image":{"@id":"https:\/\/phisio.fr\/?page_id=2#primaryimage"},"thumbnailUrl":"https:\/\/phisio.fr\/wp-content\/uploads\/2023\/11\/tof_david.jpg","datePublished":"2023-10-24T15:44:30+00:00","dateModified":"2023-11-16T23:50:09+00:00","breadcrumb":{"@id":"https:\/\/phisio.fr\/?page_id=2#breadcrumb"},"inLanguage":"fr-FR","potentialAction":[{"@type":"ReadAction","target":["https:\/\/phisio.fr\/?page_id=2"]}]},{"@type":"ImageObject","inLanguage":"fr-FR","@id":"https:\/\/phisio.fr\/?page_id=2#primaryimage","url":"https:\/\/phisio.fr\/wp-content\/uploads\/2023\/11\/tof_david.jpg","contentUrl":"https:\/\/phisio.fr\/wp-content\/uploads\/2023\/11\/tof_david.jpg","width":711,"height":304},{"@type":"BreadcrumbList","@id":"https:\/\/phisio.fr\/?page_id=2#breadcrumb","itemListElement":[{"@type":"ListItem","position":1,"name":"Accueil","item":"https:\/\/phisio.fr\/"},{"@type":"ListItem","position":2,"name":"Contact"}]},{"@type":"WebSite","@id":"https:\/\/phisio.fr\/#website","url":"https:\/\/phisio.fr\/","name":"\u03c6sio\u00ae","description":"Pr\u00e9vention Confort R\u00e9adaptation Performance","publisher":{"@id":"https:\/\/phisio.fr\/#organization"},"potentialAction":[{"@type":"SearchAction","target":{"@type":"EntryPoint","urlTemplate":"https:\/\/phisio.fr\/?s={search_term_string}"},"query-input":{"@type":"PropertyValueSpecification","valueRequired":true,"valueName":"search_term_string"}}],"inLanguage":"fr-FR"},{"@type":"Organization","@id":"https:\/\/phisio.fr\/#organization","name":"\u03c6sio\u00ae","url":"https:\/\/phisio.fr\/","logo":{"@type":"ImageObject","inLanguage":"fr-FR","@id":"https:\/\/phisio.fr\/#\/schema\/logo\/image\/","url":"https:\/\/phisio.fr\/wp-content\/uploads\/2023\/11\/Fichier-1@4x-2.png","contentUrl":"https:\/\/phisio.fr\/wp-content\/uploads\/2023\/11\/Fichier-1@4x-2.png","width":1844,"height":2644,"caption":"\u03c6sio\u00ae"},"image":{"@id":"https:\/\/phisio.fr\/#\/schema\/logo\/image\/"}}]}},"_links":{"self":[{"href":"https:\/\/phisio.fr\/index.php?rest_route=\/wp\/v2\/pages\/2","targetHints":{"allow":["GET"]}}],"collection":[{"href":"https:\/\/phisio.fr\/index.php?rest_route=\/wp\/v2\/pages"}],"about":[{"href":"https:\/\/phisio.fr\/index.php?rest_route=\/wp\/v2\/types\/page"}],"author":[{"embeddable":true,"href":"https:\/\/phisio.fr\/index.php?rest_route=\/wp\/v2\/users\/1"}],"replies":[{"embeddable":true,"href":"https:\/\/phisio.fr\/index.php?rest_route=%2Fwp%2Fv2%2Fcomments&post=2"}],"version-history":[{"count":4,"href":"https:\/\/phisio.fr\/index.php?rest_route=\/wp\/v2\/pages\/2\/revisions"}],"predecessor-version":[{"id":91,"href":"https:\/\/phisio.fr\/index.php?rest_route=\/wp\/v2\/pages\/2\/revisions\/91"}],"wp:featuredmedia":[{"embeddable":true,"href":"https:\/\/phisio.fr\/index.php?rest_route=\/wp\/v2\/media\/63"}],"wp:attachment":[{"href":"https:\/\/phisio.fr\/index.php?rest_route=%2Fwp%2Fv2%2Fmedia&parent=2"}],"curies":[{"name":"wp","href":"https:\/\/api.w.org\/{rel}","templated":true}]}}